{"id":2908,"date":"2025-01-29T09:57:06","date_gmt":"2025-01-29T09:57:06","guid":{"rendered":"https:\/\/eletricistadelisboa.pt\/?page_id=2908"},"modified":"2025-01-29T09:57:06","modified_gmt":"2025-01-29T09:57:06","slug":"montage-der-elektrischen-schalttafel","status":"publish","type":"page","link":"https:\/\/eletricistadelisboa.pt\/de\/montage-der-elektrischen-schalttafel\/","title":{"rendered":"Installation von Schalttafeln - sicherer und professioneller Service"},"content":{"rendered":"<p>Sie ben\u00f6tigen eine <strong>Montage der elektrischen Schalttafel<\/strong>? Die Schalttafel ist das Herzst\u00fcck der elektrischen Anlage einer jeden Immobilie. Eine gut ausgef\u00fchrte Installation garantiert Sicherheit, Effizienz und Schutz vor \u00dcberlastungen.<\/p>\n<h2>Wann ist es notwendig, eine neue Telefonzentrale zu installieren?<\/h2>\n<p>Wenn Ihre Elektroinstallation alt ist und Stromausf\u00e4lle, h\u00e4ufig ausl\u00f6sende Leistungsschalter oder Anzeichen von \u00dcberhitzung aufweist, k\u00f6nnte eine neue Schalttafel die L\u00f6sung sein.<\/p>\n<p>Und wenn Sie Ihr Haus erweitern oder die Anzahl der Elektroger\u00e4te erh\u00f6hen, sorgt der Einbau einer modernen Schaltanlage f\u00fcr die richtige Verteilung der Energie.<\/p>\n<h2>Wie funktioniert die Installation einer Telefonzentrale?<\/h2>\n<p>Der erste Schritt besteht darin, die erforderliche elektrische Belastung zu ermitteln, um sicherzustellen, dass die neue Schalttafel dem Bedarf ohne \u00dcberlastung standhalten kann. Dann installieren wir die Leistungsschalter, Sicherungen und andere wichtige Komponenten.<\/p>\n<p>Alle Kabel sind korrekt angeordnet, um die k\u00fcnftige Wartung zu erleichtern und einen effizienten und sicheren Betrieb zu gew\u00e4hrleisten.<\/p>\n<h2>Was sind die Vorteile einer neuen Telefonzentrale?<\/h2>\n<p>A <strong>Montage der elektrischen Schalttafel<\/strong> well-done sch\u00fctzt vor Kurzschl\u00fcssen, verhindert Stromausf\u00e4lle und verbessert die Effizienz des Energieverbrauchs.<\/p>\n<p>Au\u00dferdem verl\u00e4ngert sie die Lebensdauer von Elektroger\u00e4ten und verringert das Risiko von Unf\u00e4llen, die durch St\u00f6rungen im Stromnetz verursacht werden.<\/p>\n<h2>Wie viel kostet die Installation einer Telefonzentrale?<\/h2>\n<p>Die Kosten variieren je nach Art der Platte und der Komplexit\u00e4t der Installation. Wir garantieren jedoch einen transparenten Kostenvoranschlag und einen hochwertigen Service.<\/p>\n<p>Nehmen Sie Kontakt auf f\u00fcr ein unverbindliches Angebot.<\/p>\n<h2>M\u00fcssen Sie eine Telefonzentrale installieren? Z\u00e4hlen Sie auf uns!<\/h2>\n<p>Wenn Sie eine <strong>Montage der elektrischen Schalttafel<\/strong>gehen Sie kein Risiko ein. Verlassen Sie sich auf einen professionellen Service, um die Sicherheit und Effizienz Ihrer elektrischen Anlage zu gew\u00e4hrleisten.<\/p>","protected":false},"excerpt":{"rendered":"<p>Precisa de uma instala\u00e7\u00e3o de quadro el\u00e9trico? O quadro el\u00e9trico \u00e9 o cora\u00e7\u00e3o do sistema el\u00e9trico de qualquer im\u00f3vel. Uma instala\u00e7\u00e3o bem feita garante seguran\u00e7a, efici\u00eancia e prote\u00e7\u00e3o contra sobrecargas. Quando \u00e9 necess\u00e1ria a instala\u00e7\u00e3o de um novo quadro el\u00e9trico? Se a sua instala\u00e7\u00e3o el\u00e9trica \u00e9 antiga e apresenta quedas de energia, disjuntores que desarmam [&hellip;]<\/p>\n","protected":false},"author":1,"featured_media":0,"parent":0,"menu_order":0,"comment_status":"closed","ping_status":"closed","template":"","meta":{"iawp_total_views":11,"footnotes":""},"class_list":["post-2908","page","type-page","status-publish","hentry"],"yoast_head":"<!-- This site is optimized with the Yoast SEO plugin v27.3 - https:\/\/yoast.com\/product\/yoast-seo-wordpress\/ -->\n<title>Instala\u00e7\u00e3o de Quadro El\u00e9trico - Servi\u00e7o Seguro e Profissional<\/title>\n<meta name=\"description\" content=\"Precisa de instala\u00e7\u00e3o de quadro el\u00e9trico? Garantimos um servi\u00e7o seguro e profissional para distribui\u00e7\u00e3o eficiente da energia na sua casa ou empresa.\" \/>\n<meta name=\"robots\" content=\"index, follow, max-snippet:-1, max-image-preview:large, max-video-preview:-1\" \/>\n<link rel=\"canonical\" href=\"https:\/\/eletricistadelisboa.pt\/de\/montage-der-elektrischen-schalttafel\/\" \/>\n<meta property=\"og:locale\" content=\"de_DE\" \/>\n<meta property=\"og:type\" content=\"article\" \/>\n<meta property=\"og:title\" content=\"Instala\u00e7\u00e3o de Quadro El\u00e9trico - Servi\u00e7o Seguro e Profissional\" \/>\n<meta property=\"og:description\" content=\"Precisa de instala\u00e7\u00e3o de quadro el\u00e9trico? Garantimos um servi\u00e7o seguro e profissional para distribui\u00e7\u00e3o eficiente da energia na sua casa ou empresa.\" \/>\n<meta property=\"og:url\" content=\"https:\/\/eletricistadelisboa.pt\/de\/montage-der-elektrischen-schalttafel\/\" \/>\n<meta property=\"og:site_name\" content=\"Eletricista de Lisboa\" \/>\n<meta name=\"twitter:card\" content=\"summary_large_image\" \/>\n<script type=\"application\/ld+json\" class=\"yoast-schema-graph\">{\"@context\":\"https:\\\/\\\/schema.org\",\"@graph\":[{\"@type\":\"WebPage\",\"@id\":\"https:\\\/\\\/eletricistadelisboa.pt\\\/instalacao-de-quadro-eletrico\\\/\",\"url\":\"https:\\\/\\\/eletricistadelisboa.pt\\\/instalacao-de-quadro-eletrico\\\/\",\"name\":\"Instala\u00e7\u00e3o de Quadro El\u00e9trico - Servi\u00e7o Seguro e Profissional\",\"isPartOf\":{\"@id\":\"https:\\\/\\\/eletricistadelisboa.pt\\\/#website\"},\"datePublished\":\"2025-01-29T09:57:06+00:00\",\"description\":\"Precisa de instala\u00e7\u00e3o de quadro el\u00e9trico? Garantimos um servi\u00e7o seguro e profissional para distribui\u00e7\u00e3o eficiente da energia na sua casa ou empresa.\",\"breadcrumb\":{\"@id\":\"https:\\\/\\\/eletricistadelisboa.pt\\\/instalacao-de-quadro-eletrico\\\/#breadcrumb\"},\"inLanguage\":\"de\",\"potentialAction\":[{\"@type\":\"ReadAction\",\"target\":[\"https:\\\/\\\/eletricistadelisboa.pt\\\/instalacao-de-quadro-eletrico\\\/\"]}]},{\"@type\":\"BreadcrumbList\",\"@id\":\"https:\\\/\\\/eletricistadelisboa.pt\\\/instalacao-de-quadro-eletrico\\\/#breadcrumb\",\"itemListElement\":[{\"@type\":\"ListItem\",\"position\":1,\"name\":\"In\u00edcio\",\"item\":\"https:\\\/\\\/eletricistadelisboa.pt\\\/\"},{\"@type\":\"ListItem\",\"position\":2,\"name\":\"Instala\u00e7\u00e3o de Quadro El\u00e9trico &#8211; Servi\u00e7o Seguro e Profissional\"}]},{\"@type\":\"WebSite\",\"@id\":\"https:\\\/\\\/eletricistadelisboa.pt\\\/#website\",\"url\":\"https:\\\/\\\/eletricistadelisboa.pt\\\/\",\"name\":\"Eletricista de Lisboa\",\"description\":\"Servi\u00e7os el\u00e9tricos r\u00e1pidos e de alta qualidade em Lisboa, dispon\u00edveis 24 horas por dia.\",\"potentialAction\":[{\"@type\":\"SearchAction\",\"target\":{\"@type\":\"EntryPoint\",\"urlTemplate\":\"https:\\\/\\\/eletricistadelisboa.pt\\\/?s={search_term_string}\"},\"query-input\":{\"@type\":\"PropertyValueSpecification\",\"valueRequired\":true,\"valueName\":\"search_term_string\"}}],\"inLanguage\":\"de\"}]}<\/script>\n<!-- \/ Yoast SEO plugin. -->","yoast_head_json":{"title":"Installation von Schalttafeln - sicherer und professioneller Service","description":"Sie ben\u00f6tigen eine elektrische Schalttafel? Wir garantieren Ihnen einen sicheren und professionellen Service f\u00fcr die effiziente Verteilung von Energie in Ihrem Haus oder Unternehmen.","robots":{"index":"index","follow":"follow","max-snippet":"max-snippet:-1","max-image-preview":"max-image-preview:large","max-video-preview":"max-video-preview:-1"},"canonical":"https:\/\/eletricistadelisboa.pt\/de\/montage-der-elektrischen-schalttafel\/","og_locale":"de_DE","og_type":"article","og_title":"Instala\u00e7\u00e3o de Quadro El\u00e9trico - Servi\u00e7o Seguro e Profissional","og_description":"Precisa de instala\u00e7\u00e3o de quadro el\u00e9trico? Garantimos um servi\u00e7o seguro e profissional para distribui\u00e7\u00e3o eficiente da energia na sua casa ou empresa.","og_url":"https:\/\/eletricistadelisboa.pt\/de\/montage-der-elektrischen-schalttafel\/","og_site_name":"Eletricista de Lisboa","twitter_card":"summary_large_image","schema":{"@context":"https:\/\/schema.org","@graph":[{"@type":"WebPage","@id":"https:\/\/eletricistadelisboa.pt\/instalacao-de-quadro-eletrico\/","url":"https:\/\/eletricistadelisboa.pt\/instalacao-de-quadro-eletrico\/","name":"Installation von Schalttafeln - sicherer und professioneller Service","isPartOf":{"@id":"https:\/\/eletricistadelisboa.pt\/#website"},"datePublished":"2025-01-29T09:57:06+00:00","description":"Sie ben\u00f6tigen eine elektrische Schalttafel? Wir garantieren Ihnen einen sicheren und professionellen Service f\u00fcr die effiziente Verteilung von Energie in Ihrem Haus oder Unternehmen.","breadcrumb":{"@id":"https:\/\/eletricistadelisboa.pt\/instalacao-de-quadro-eletrico\/#breadcrumb"},"inLanguage":"de","potentialAction":[{"@type":"ReadAction","target":["https:\/\/eletricistadelisboa.pt\/instalacao-de-quadro-eletrico\/"]}]},{"@type":"BreadcrumbList","@id":"https:\/\/eletricistadelisboa.pt\/instalacao-de-quadro-eletrico\/#breadcrumb","itemListElement":[{"@type":"ListItem","position":1,"name":"In\u00edcio","item":"https:\/\/eletricistadelisboa.pt\/"},{"@type":"ListItem","position":2,"name":"Instala\u00e7\u00e3o de Quadro El\u00e9trico &#8211; Servi\u00e7o Seguro e Profissional"}]},{"@type":"WebSite","@id":"https:\/\/eletricistadelisboa.pt\/#website","url":"https:\/\/eletricistadelisboa.pt\/","name":"Eletricista de Lisboa","description":"Schnelle, qualitativ hochwertige Elektrodienstleistungen in Lissabon, 24 Stunden am Tag verf\u00fcgbar.","potentialAction":[{"@type":"SearchAction","target":{"@type":"EntryPoint","urlTemplate":"https:\/\/eletricistadelisboa.pt\/?s={search_term_string}"},"query-input":{"@type":"PropertyValueSpecification","valueRequired":true,"valueName":"search_term_string"}}],"inLanguage":"de"}]}},"_links":{"self":[{"href":"https:\/\/eletricistadelisboa.pt\/de\/wp-json\/wp\/v2\/pages\/2908","targetHints":{"allow":["GET"]}}],"collection":[{"href":"https:\/\/eletricistadelisboa.pt\/de\/wp-json\/wp\/v2\/pages"}],"about":[{"href":"https:\/\/eletricistadelisboa.pt\/de\/wp-json\/wp\/v2\/types\/page"}],"author":[{"embeddable":true,"href":"https:\/\/eletricistadelisboa.pt\/de\/wp-json\/wp\/v2\/users\/1"}],"replies":[{"embeddable":true,"href":"https:\/\/eletricistadelisboa.pt\/de\/wp-json\/wp\/v2\/comments?post=2908"}],"version-history":[{"count":1,"href":"https:\/\/eletricistadelisboa.pt\/de\/wp-json\/wp\/v2\/pages\/2908\/revisions"}],"predecessor-version":[{"id":2909,"href":"https:\/\/eletricistadelisboa.pt\/de\/wp-json\/wp\/v2\/pages\/2908\/revisions\/2909"}],"wp:attachment":[{"href":"https:\/\/eletricistadelisboa.pt\/de\/wp-json\/wp\/v2\/media?parent=2908"}],"curies":[{"name":"wp","href":"https:\/\/api.w.org\/{rel}","templated":true}]}}