{"id":2898,"date":"2025-01-29T09:45:17","date_gmt":"2025-01-29T09:45:17","guid":{"rendered":"https:\/\/eletricistadelisboa.pt\/?page_id=2898"},"modified":"2025-01-29T09:45:17","modified_gmt":"2025-01-29T09:45:17","slug":"installation-von-haushaltsgeraten","status":"publish","type":"page","link":"https:\/\/eletricistadelisboa.pt\/de\/installation-von-haushaltsgeraten\/","title":{"rendered":"Installation von Haushaltsger\u00e4ten - Professioneller und sicherer Service"},"content":{"rendered":"<p>Sie ben\u00f6tigen eine <strong>Ger\u00e4temontage<\/strong>? Das richtige Einschalten eines Elektroger\u00e4ts kann Probleme wie Fehlfunktionen, \u00fcberm\u00e4\u00dfigen Energieverbrauch oder sogar elektrische Gefahren verhindern.<\/p>\n<h2>Wann ist eine professionelle Installation erforderlich?<\/h2>\n<p>Wenn Sie ein neues Ger\u00e4t gekauft haben und nicht wissen, wie Sie es installieren sollen, oder wenn Sie die Elektroinstallation anpassen m\u00fcssen, um die Last des Ger\u00e4ts zu tragen, sollten Sie sich auf einen professionellen Service verlassen.<\/p>\n<p>Waschmaschinen, Elektroherde, Einbau\u00f6fen, Dunstabzugshauben und andere Ger\u00e4te ben\u00f6tigen sichere, gut ausgef\u00fchrte Anschl\u00fcsse, um einwandfrei zu funktionieren.<\/p>\n<h2>Wie funktioniert die Installation von Haushaltsger\u00e4ten?<\/h2>\n<p>Bevor wir das Ger\u00e4t anschlie\u00dfen, pr\u00fcfen wir, ob das Stromnetz die erforderliche Last tragen kann. Wir stellen Steckdosen und Schutzschalter ein und nehmen alle erforderlichen Anpassungen vor, um absolute Sicherheit zu gew\u00e4hrleisten.<\/p>\n<p>Neben der elektrischen Verkabelung nehmen wir auch Anpassungen vor, wie z. B. die Nivellierung von Waschmaschinen, die Befestigung von Dunstabzugshauben und Gasanschl\u00fcssen f\u00fcr kompatible Ger\u00e4te.<\/p>\n<h2>Was sind die Vorteile eines professionellen Dienstes?<\/h2>\n<p>A <strong>Ger\u00e4temontage<\/strong> Richtig durchgef\u00fchrt, verhindert sie Kurzschl\u00fcsse, sch\u00fctzt vor \u00dcberlastungen und verl\u00e4ngert die Lebensdauer des Ger\u00e4ts.<\/p>\n<p>Au\u00dferdem garantiert es einen effizienten Betrieb und vermeidet Energieverschwendung und unerwartete Ausf\u00e4lle.<\/p>\n<h2>Wie viel kostet die Installation von Haushaltsger\u00e4ten?<\/h2>\n<p>Der Preis variiert je nach Art des Ger\u00e4ts und der Notwendigkeit von Anpassungen an der Elektroinstallation. Wir garantieren jedoch einen Qualit\u00e4tsservice und einen transparenten Kostenvoranschlag.<\/p>\n<p>Nehmen Sie Kontakt auf f\u00fcr ein unverbindliches Angebot.<\/p>\n<h2>Sie m\u00fcssen ein Haushaltsger\u00e4t installieren? Z\u00e4hlen Sie auf uns!<\/h2>\n<p>Wenn Sie eine <strong>Ger\u00e4temontage<\/strong>um Probleme zu vermeiden und einen sicheren und effizienten Dienst zu gew\u00e4hrleisten.<\/p>","protected":false},"excerpt":{"rendered":"<p>Precisa de uma instala\u00e7\u00e3o de eletrodom\u00e9stico? Ligar corretamente um aparelho el\u00e9trico pode evitar problemas como mau funcionamento, consumo excessivo de energia ou at\u00e9 riscos el\u00e9tricos. Quando \u00e9 necess\u00e1ria uma instala\u00e7\u00e3o profissional? Se comprou um novo eletrodom\u00e9stico e n\u00e3o sabe como instal\u00e1-lo ou se precisa de ajustes na instala\u00e7\u00e3o el\u00e9trica para suportar a carga do aparelho, [&hellip;]<\/p>\n","protected":false},"author":1,"featured_media":0,"parent":0,"menu_order":0,"comment_status":"closed","ping_status":"closed","template":"","meta":{"iawp_total_views":13,"footnotes":""},"class_list":["post-2898","page","type-page","status-publish","hentry"],"yoast_head":"<!-- This site is optimized with the Yoast SEO plugin v27.5 - https:\/\/yoast.com\/product\/yoast-seo-wordpress\/ -->\n<title>Instala\u00e7\u00e3o de Eletrodom\u00e9stico \u2013 Servi\u00e7o Profissional e Seguro<\/title>\n<meta name=\"description\" content=\"Precisa de instala\u00e7\u00e3o de eletrodom\u00e9stico? Garantimos um servi\u00e7o profissional, r\u00e1pido e seguro para a liga\u00e7\u00e3o correta dos seus aparelhos.\" \/>\n<meta name=\"robots\" content=\"index, follow, max-snippet:-1, max-image-preview:large, max-video-preview:-1\" \/>\n<link rel=\"canonical\" href=\"https:\/\/eletricistadelisboa.pt\/de\/installation-von-haushaltsgeraten\/\" \/>\n<meta property=\"og:locale\" content=\"de_DE\" \/>\n<meta property=\"og:type\" content=\"article\" \/>\n<meta property=\"og:title\" content=\"Instala\u00e7\u00e3o de Eletrodom\u00e9stico \u2013 Servi\u00e7o Profissional e Seguro\" \/>\n<meta property=\"og:description\" content=\"Precisa de instala\u00e7\u00e3o de eletrodom\u00e9stico? Garantimos um servi\u00e7o profissional, r\u00e1pido e seguro para a liga\u00e7\u00e3o correta dos seus aparelhos.\" \/>\n<meta property=\"og:url\" content=\"https:\/\/eletricistadelisboa.pt\/de\/installation-von-haushaltsgeraten\/\" \/>\n<meta property=\"og:site_name\" content=\"Eletricista de Lisboa\" \/>\n<meta name=\"twitter:card\" content=\"summary_large_image\" \/>\n<script type=\"application\/ld+json\" class=\"yoast-schema-graph\">{\"@context\":\"https:\\\/\\\/schema.org\",\"@graph\":[{\"@type\":\"WebPage\",\"@id\":\"https:\\\/\\\/eletricistadelisboa.pt\\\/instalacao-de-eletrodomestico\\\/\",\"url\":\"https:\\\/\\\/eletricistadelisboa.pt\\\/instalacao-de-eletrodomestico\\\/\",\"name\":\"Instala\u00e7\u00e3o de Eletrodom\u00e9stico \u2013 Servi\u00e7o Profissional e Seguro\",\"isPartOf\":{\"@id\":\"https:\\\/\\\/eletricistadelisboa.pt\\\/#website\"},\"datePublished\":\"2025-01-29T09:45:17+00:00\",\"description\":\"Precisa de instala\u00e7\u00e3o de eletrodom\u00e9stico? Garantimos um servi\u00e7o profissional, r\u00e1pido e seguro para a liga\u00e7\u00e3o correta dos seus aparelhos.\",\"breadcrumb\":{\"@id\":\"https:\\\/\\\/eletricistadelisboa.pt\\\/instalacao-de-eletrodomestico\\\/#breadcrumb\"},\"inLanguage\":\"de\",\"potentialAction\":[{\"@type\":\"ReadAction\",\"target\":[\"https:\\\/\\\/eletricistadelisboa.pt\\\/instalacao-de-eletrodomestico\\\/\"]}]},{\"@type\":\"BreadcrumbList\",\"@id\":\"https:\\\/\\\/eletricistadelisboa.pt\\\/instalacao-de-eletrodomestico\\\/#breadcrumb\",\"itemListElement\":[{\"@type\":\"ListItem\",\"position\":1,\"name\":\"In\u00edcio\",\"item\":\"https:\\\/\\\/eletricistadelisboa.pt\\\/\"},{\"@type\":\"ListItem\",\"position\":2,\"name\":\"Instala\u00e7\u00e3o de Eletrodom\u00e9stico \u2013 Servi\u00e7o Profissional e Seguro\"}]},{\"@type\":\"WebSite\",\"@id\":\"https:\\\/\\\/eletricistadelisboa.pt\\\/#website\",\"url\":\"https:\\\/\\\/eletricistadelisboa.pt\\\/\",\"name\":\"Eletricista de Lisboa\",\"description\":\"Servi\u00e7os el\u00e9tricos r\u00e1pidos e de alta qualidade em Lisboa, dispon\u00edveis 24 horas por dia.\",\"potentialAction\":[{\"@type\":\"SearchAction\",\"target\":{\"@type\":\"EntryPoint\",\"urlTemplate\":\"https:\\\/\\\/eletricistadelisboa.pt\\\/?s={search_term_string}\"},\"query-input\":{\"@type\":\"PropertyValueSpecification\",\"valueRequired\":true,\"valueName\":\"search_term_string\"}}],\"inLanguage\":\"de\"}]}<\/script>\n<!-- \/ Yoast SEO plugin. -->","yoast_head_json":{"title":"Installation von Haushaltsger\u00e4ten - Professioneller und sicherer Service","description":"Sie brauchen ein Haushaltsger\u00e4t? Wir garantieren Ihnen einen professionellen, schnellen und sicheren Service f\u00fcr den korrekten Anschluss Ihrer Ger\u00e4te.","robots":{"index":"index","follow":"follow","max-snippet":"max-snippet:-1","max-image-preview":"max-image-preview:large","max-video-preview":"max-video-preview:-1"},"canonical":"https:\/\/eletricistadelisboa.pt\/de\/installation-von-haushaltsgeraten\/","og_locale":"de_DE","og_type":"article","og_title":"Instala\u00e7\u00e3o de Eletrodom\u00e9stico \u2013 Servi\u00e7o Profissional e Seguro","og_description":"Precisa de instala\u00e7\u00e3o de eletrodom\u00e9stico? Garantimos um servi\u00e7o profissional, r\u00e1pido e seguro para a liga\u00e7\u00e3o correta dos seus aparelhos.","og_url":"https:\/\/eletricistadelisboa.pt\/de\/installation-von-haushaltsgeraten\/","og_site_name":"Eletricista de Lisboa","twitter_card":"summary_large_image","schema":{"@context":"https:\/\/schema.org","@graph":[{"@type":"WebPage","@id":"https:\/\/eletricistadelisboa.pt\/instalacao-de-eletrodomestico\/","url":"https:\/\/eletricistadelisboa.pt\/instalacao-de-eletrodomestico\/","name":"Installation von Haushaltsger\u00e4ten - Professioneller und sicherer Service","isPartOf":{"@id":"https:\/\/eletricistadelisboa.pt\/#website"},"datePublished":"2025-01-29T09:45:17+00:00","description":"Sie brauchen ein Haushaltsger\u00e4t? Wir garantieren Ihnen einen professionellen, schnellen und sicheren Service f\u00fcr den korrekten Anschluss Ihrer Ger\u00e4te.","breadcrumb":{"@id":"https:\/\/eletricistadelisboa.pt\/instalacao-de-eletrodomestico\/#breadcrumb"},"inLanguage":"de","potentialAction":[{"@type":"ReadAction","target":["https:\/\/eletricistadelisboa.pt\/instalacao-de-eletrodomestico\/"]}]},{"@type":"BreadcrumbList","@id":"https:\/\/eletricistadelisboa.pt\/instalacao-de-eletrodomestico\/#breadcrumb","itemListElement":[{"@type":"ListItem","position":1,"name":"In\u00edcio","item":"https:\/\/eletricistadelisboa.pt\/"},{"@type":"ListItem","position":2,"name":"Instala\u00e7\u00e3o de Eletrodom\u00e9stico \u2013 Servi\u00e7o Profissional e Seguro"}]},{"@type":"WebSite","@id":"https:\/\/eletricistadelisboa.pt\/#website","url":"https:\/\/eletricistadelisboa.pt\/","name":"Eletricista de Lisboa","description":"Schnelle, qualitativ hochwertige Elektrodienstleistungen in Lissabon, 24 Stunden am Tag verf\u00fcgbar.","potentialAction":[{"@type":"SearchAction","target":{"@type":"EntryPoint","urlTemplate":"https:\/\/eletricistadelisboa.pt\/?s={search_term_string}"},"query-input":{"@type":"PropertyValueSpecification","valueRequired":true,"valueName":"search_term_string"}}],"inLanguage":"de"}]}},"_links":{"self":[{"href":"https:\/\/eletricistadelisboa.pt\/de\/wp-json\/wp\/v2\/pages\/2898","targetHints":{"allow":["GET"]}}],"collection":[{"href":"https:\/\/eletricistadelisboa.pt\/de\/wp-json\/wp\/v2\/pages"}],"about":[{"href":"https:\/\/eletricistadelisboa.pt\/de\/wp-json\/wp\/v2\/types\/page"}],"author":[{"embeddable":true,"href":"https:\/\/eletricistadelisboa.pt\/de\/wp-json\/wp\/v2\/users\/1"}],"replies":[{"embeddable":true,"href":"https:\/\/eletricistadelisboa.pt\/de\/wp-json\/wp\/v2\/comments?post=2898"}],"version-history":[{"count":1,"href":"https:\/\/eletricistadelisboa.pt\/de\/wp-json\/wp\/v2\/pages\/2898\/revisions"}],"predecessor-version":[{"id":2899,"href":"https:\/\/eletricistadelisboa.pt\/de\/wp-json\/wp\/v2\/pages\/2898\/revisions\/2899"}],"wp:attachment":[{"href":"https:\/\/eletricistadelisboa.pt\/de\/wp-json\/wp\/v2\/media?parent=2898"}],"curies":[{"name":"wp","href":"https:\/\/api.w.org\/{rel}","templated":true}]}}