{"id":2895,"date":"2025-01-29T09:42:39","date_gmt":"2025-01-29T09:42:39","guid":{"rendered":"https:\/\/eletricistadelisboa.pt\/?page_id=2895"},"modified":"2025-01-29T09:42:39","modified_gmt":"2025-01-29T09:42:39","slug":"switch-installation","status":"publish","type":"page","link":"https:\/\/eletricistadelisboa.pt\/de\/switch-installation\/","title":{"rendered":"Schalterinstallation - Sicherer und professioneller Service"},"content":{"rendered":"<p>Sie ben\u00f6tigen eine <strong>Switch-Installation<\/strong>? Ein gut platzierter und korrekt installierter Schalter macht den entscheidenden Unterschied f\u00fcr den Komfort und die Funktionalit\u00e4t Ihrer Beleuchtung aus.<\/p>\n<h2>Wann ist die Installation eines Schalters erforderlich?<\/h2>\n<p>Wenn Sie die Beleuchtungssteuerung verbessern, alte Schalter ersetzen oder neue Schaltstellen einbauen wollen, ist jetzt der richtige Zeitpunkt zum Handeln. Abgenutzte Schalter oder Schalter mit schlechtem Kontakt k\u00f6nnen Beleuchtungsfehler und sogar Kurzschl\u00fcsse verursachen.<\/p>\n<p>Und wenn Sie einen Raum umgestalten oder intelligente Schalter installieren wollen, garantiert ein professioneller Service einen sicheren und effizienten Betrieb.<\/p>\n<h2>Wie funktioniert die Installation von Schaltern?<\/h2>\n<p>Zun\u00e4chst beurteilen wir die elektrische Anlage, um den besten Anschluss zu ermitteln. Dann f\u00fchren wir die Installation durch und stellen sicher, dass die Dr\u00e4hte richtig angeschlossen sind, um schlechten Kontakt und zuk\u00fcnftige Fehler zu vermeiden.<\/p>\n<p>Wir k\u00f6nnen einfache, doppelte und dreifache Schalter, Dimmer und sogar intelligente Modelle f\u00fcr die Hausautomation installieren.<\/p>\n<h2>Was sind die Vorteile einer professionellen Installation?<\/h2>\n<p>A <strong>Switch-Installation<\/strong> gut gemacht ist, verhindert schlechten Kontakt, reduziert elektrische Gefahren und verbessert die Benutzerfreundlichkeit. Dar\u00fcber hinaus k\u00f6nnen sie durch eine effizientere Beleuchtungssteuerung dazu beitragen, Energie zu sparen.<\/p>\n<p>Strategisch positioniert, garantieren wir mehr Praktikabilit\u00e4t im Alltag und erleichtern den Zugang zur Beleuchtung an den richtigen Stellen.<\/p>\n<h2>Wie viel kostet die Installation von Schaltern?<\/h2>\n<p>Der Preis variiert je nach der Komplexit\u00e4t der Installation und der Art des gew\u00e4hlten Schalters. Wir garantieren jedoch ein transparentes und faires Angebot.<\/p>\n<p>Nehmen Sie Kontakt auf f\u00fcr ein unverbindliches Angebot.<\/p>\n<h2>M\u00fcssen Sie Schalter installieren? Sprechen Sie mit uns!<\/h2>\n<p>Wenn Sie eine <strong>Switch-Installation<\/strong>Sie k\u00f6nnen sich darauf verlassen, dass ein professioneller Service die Sicherheit und Funktionalit\u00e4t Ihrer elektrischen Anlage gew\u00e4hrleistet.<\/p>","protected":false},"excerpt":{"rendered":"<p>Precisa de uma instala\u00e7\u00e3o de interruptor? Um interruptor bem posicionado e corretamente instalado faz toda a diferen\u00e7a no conforto e na funcionalidade da sua ilumina\u00e7\u00e3o. Quando \u00e9 necess\u00e1ria uma instala\u00e7\u00e3o de interruptor? Se deseja melhorar o controle da ilumina\u00e7\u00e3o, trocar interruptores antigos ou adicionar novos pontos de acionamento, \u00e9 hora de agir. Interruptores desgastados ou [&hellip;]<\/p>\n","protected":false},"author":1,"featured_media":0,"parent":0,"menu_order":0,"comment_status":"closed","ping_status":"closed","template":"","meta":{"iawp_total_views":12,"footnotes":""},"class_list":["post-2895","page","type-page","status-publish","hentry"],"yoast_head":"<!-- This site is optimized with the Yoast SEO plugin v27.5 - https:\/\/yoast.com\/product\/yoast-seo-wordpress\/ -->\n<title>Instala\u00e7\u00e3o de Interruptor - Servi\u00e7o Seguro e Profissional<\/title>\n<meta name=\"description\" content=\"Precisa de instala\u00e7\u00e3o de interruptor? Garantimos um servi\u00e7o seguro e profissional para melhorar o controle da ilumina\u00e7\u00e3o na sua casa ou empresa.\" \/>\n<meta name=\"robots\" content=\"index, follow, max-snippet:-1, max-image-preview:large, max-video-preview:-1\" \/>\n<link rel=\"canonical\" href=\"https:\/\/eletricistadelisboa.pt\/de\/switch-installation\/\" \/>\n<meta property=\"og:locale\" content=\"de_DE\" \/>\n<meta property=\"og:type\" content=\"article\" \/>\n<meta property=\"og:title\" content=\"Instala\u00e7\u00e3o de Interruptor - Servi\u00e7o Seguro e Profissional\" \/>\n<meta property=\"og:description\" content=\"Precisa de instala\u00e7\u00e3o de interruptor? Garantimos um servi\u00e7o seguro e profissional para melhorar o controle da ilumina\u00e7\u00e3o na sua casa ou empresa.\" \/>\n<meta property=\"og:url\" content=\"https:\/\/eletricistadelisboa.pt\/de\/switch-installation\/\" \/>\n<meta property=\"og:site_name\" content=\"Eletricista de Lisboa\" \/>\n<meta name=\"twitter:card\" content=\"summary_large_image\" \/>\n<script type=\"application\/ld+json\" class=\"yoast-schema-graph\">{\"@context\":\"https:\\\/\\\/schema.org\",\"@graph\":[{\"@type\":\"WebPage\",\"@id\":\"https:\\\/\\\/eletricistadelisboa.pt\\\/instalacao-de-interruptor\\\/\",\"url\":\"https:\\\/\\\/eletricistadelisboa.pt\\\/instalacao-de-interruptor\\\/\",\"name\":\"Instala\u00e7\u00e3o de Interruptor - Servi\u00e7o Seguro e Profissional\",\"isPartOf\":{\"@id\":\"https:\\\/\\\/eletricistadelisboa.pt\\\/#website\"},\"datePublished\":\"2025-01-29T09:42:39+00:00\",\"description\":\"Precisa de instala\u00e7\u00e3o de interruptor? Garantimos um servi\u00e7o seguro e profissional para melhorar o controle da ilumina\u00e7\u00e3o na sua casa ou empresa.\",\"breadcrumb\":{\"@id\":\"https:\\\/\\\/eletricistadelisboa.pt\\\/instalacao-de-interruptor\\\/#breadcrumb\"},\"inLanguage\":\"de\",\"potentialAction\":[{\"@type\":\"ReadAction\",\"target\":[\"https:\\\/\\\/eletricistadelisboa.pt\\\/instalacao-de-interruptor\\\/\"]}]},{\"@type\":\"BreadcrumbList\",\"@id\":\"https:\\\/\\\/eletricistadelisboa.pt\\\/instalacao-de-interruptor\\\/#breadcrumb\",\"itemListElement\":[{\"@type\":\"ListItem\",\"position\":1,\"name\":\"In\u00edcio\",\"item\":\"https:\\\/\\\/eletricistadelisboa.pt\\\/\"},{\"@type\":\"ListItem\",\"position\":2,\"name\":\"Instala\u00e7\u00e3o de Interruptor &#8211; Servi\u00e7o Seguro e Profissional\"}]},{\"@type\":\"WebSite\",\"@id\":\"https:\\\/\\\/eletricistadelisboa.pt\\\/#website\",\"url\":\"https:\\\/\\\/eletricistadelisboa.pt\\\/\",\"name\":\"Eletricista de Lisboa\",\"description\":\"Servi\u00e7os el\u00e9tricos r\u00e1pidos e de alta qualidade em Lisboa, dispon\u00edveis 24 horas por dia.\",\"potentialAction\":[{\"@type\":\"SearchAction\",\"target\":{\"@type\":\"EntryPoint\",\"urlTemplate\":\"https:\\\/\\\/eletricistadelisboa.pt\\\/?s={search_term_string}\"},\"query-input\":{\"@type\":\"PropertyValueSpecification\",\"valueRequired\":true,\"valueName\":\"search_term_string\"}}],\"inLanguage\":\"de\"}]}<\/script>\n<!-- \/ Yoast SEO plugin. -->","yoast_head_json":{"title":"Schalterinstallation - Sicherer und professioneller Service","description":"Sie ben\u00f6tigen einen Schalter? Wir garantieren einen sicheren und professionellen Service zur Verbesserung der Beleuchtungssteuerung in Ihrer Wohnung oder Ihrem Unternehmen.","robots":{"index":"index","follow":"follow","max-snippet":"max-snippet:-1","max-image-preview":"max-image-preview:large","max-video-preview":"max-video-preview:-1"},"canonical":"https:\/\/eletricistadelisboa.pt\/de\/switch-installation\/","og_locale":"de_DE","og_type":"article","og_title":"Instala\u00e7\u00e3o de Interruptor - Servi\u00e7o Seguro e Profissional","og_description":"Precisa de instala\u00e7\u00e3o de interruptor? Garantimos um servi\u00e7o seguro e profissional para melhorar o controle da ilumina\u00e7\u00e3o na sua casa ou empresa.","og_url":"https:\/\/eletricistadelisboa.pt\/de\/switch-installation\/","og_site_name":"Eletricista de Lisboa","twitter_card":"summary_large_image","schema":{"@context":"https:\/\/schema.org","@graph":[{"@type":"WebPage","@id":"https:\/\/eletricistadelisboa.pt\/instalacao-de-interruptor\/","url":"https:\/\/eletricistadelisboa.pt\/instalacao-de-interruptor\/","name":"Schalterinstallation - Sicherer und professioneller Service","isPartOf":{"@id":"https:\/\/eletricistadelisboa.pt\/#website"},"datePublished":"2025-01-29T09:42:39+00:00","description":"Sie ben\u00f6tigen einen Schalter? Wir garantieren einen sicheren und professionellen Service zur Verbesserung der Beleuchtungssteuerung in Ihrer Wohnung oder Ihrem Unternehmen.","breadcrumb":{"@id":"https:\/\/eletricistadelisboa.pt\/instalacao-de-interruptor\/#breadcrumb"},"inLanguage":"de","potentialAction":[{"@type":"ReadAction","target":["https:\/\/eletricistadelisboa.pt\/instalacao-de-interruptor\/"]}]},{"@type":"BreadcrumbList","@id":"https:\/\/eletricistadelisboa.pt\/instalacao-de-interruptor\/#breadcrumb","itemListElement":[{"@type":"ListItem","position":1,"name":"In\u00edcio","item":"https:\/\/eletricistadelisboa.pt\/"},{"@type":"ListItem","position":2,"name":"Instala\u00e7\u00e3o de Interruptor &#8211; Servi\u00e7o Seguro e Profissional"}]},{"@type":"WebSite","@id":"https:\/\/eletricistadelisboa.pt\/#website","url":"https:\/\/eletricistadelisboa.pt\/","name":"Eletricista de Lisboa","description":"Schnelle, qualitativ hochwertige Elektrodienstleistungen in Lissabon, 24 Stunden am Tag verf\u00fcgbar.","potentialAction":[{"@type":"SearchAction","target":{"@type":"EntryPoint","urlTemplate":"https:\/\/eletricistadelisboa.pt\/?s={search_term_string}"},"query-input":{"@type":"PropertyValueSpecification","valueRequired":true,"valueName":"search_term_string"}}],"inLanguage":"de"}]}},"_links":{"self":[{"href":"https:\/\/eletricistadelisboa.pt\/de\/wp-json\/wp\/v2\/pages\/2895","targetHints":{"allow":["GET"]}}],"collection":[{"href":"https:\/\/eletricistadelisboa.pt\/de\/wp-json\/wp\/v2\/pages"}],"about":[{"href":"https:\/\/eletricistadelisboa.pt\/de\/wp-json\/wp\/v2\/types\/page"}],"author":[{"embeddable":true,"href":"https:\/\/eletricistadelisboa.pt\/de\/wp-json\/wp\/v2\/users\/1"}],"replies":[{"embeddable":true,"href":"https:\/\/eletricistadelisboa.pt\/de\/wp-json\/wp\/v2\/comments?post=2895"}],"version-history":[{"count":1,"href":"https:\/\/eletricistadelisboa.pt\/de\/wp-json\/wp\/v2\/pages\/2895\/revisions"}],"predecessor-version":[{"id":2896,"href":"https:\/\/eletricistadelisboa.pt\/de\/wp-json\/wp\/v2\/pages\/2895\/revisions\/2896"}],"wp:attachment":[{"href":"https:\/\/eletricistadelisboa.pt\/de\/wp-json\/wp\/v2\/media?parent=2895"}],"curies":[{"name":"wp","href":"https:\/\/api.w.org\/{rel}","templated":true}]}}