{"id":2892,"date":"2025-01-29T09:40:19","date_gmt":"2025-01-29T09:40:19","guid":{"rendered":"https:\/\/eletricistadelisboa.pt\/?page_id=2892"},"modified":"2025-01-29T09:40:19","modified_gmt":"2025-01-29T09:40:19","slug":"steckdoseneinbau","status":"publish","type":"page","link":"https:\/\/eletricistadelisboa.pt\/de\/steckdoseneinbau\/","title":{"rendered":"Steckdoseninstallation - Sicherer und professioneller Service"},"content":{"rendered":"<p>Sie ben\u00f6tigen eine <strong>Steckdoseneinbau<\/strong>? Unzureichende oder schlecht platzierte Steckdosen k\u00f6nnen ein gro\u00dfes \u00c4rgernis und sogar ein Risiko f\u00fcr die elektrische Sicherheit Ihres Hauses oder Ihres Unternehmens sein.<\/p>\n<h2>Wann ist eine Steckdoseninstallation erforderlich?<\/h2>\n<p>Wenn Sie zu viele Stecker und Steckdosen verwenden, ist das ein Zeichen daf\u00fcr, dass Sie mehr Steckdosen brauchen. Alte elektrische Systeme waren in der Regel nicht f\u00fcr die Anzahl der modernen Ger\u00e4te ausgelegt, die wir heute verwenden.<\/p>\n<p>Auch wenn Sie Funkenbildung, \u00dcberhitzung oder lockere Steckdosen feststellen, ist es Zeit f\u00fcr ein Upgrade, um mehr Sicherheit und Praktikabilit\u00e4t im Alltag zu gew\u00e4hrleisten.<\/p>\n<h2>Wie funktioniert die Installation der Steckdose?<\/h2>\n<p>Vor der Installation pr\u00fcfen wir Ihr Stromnetz, um sicherzustellen, dass die neue Steckdose sicher angeschlossen werden kann. Anschlie\u00dfend verlegen wir die erforderlichen Leitungen und befestigen die Steckdose an der gew\u00fcnschten Stelle.<\/p>\n<p>Wir sorgen auch daf\u00fcr, dass alle Anschl\u00fcsse den technischen Normen entsprechen, um \u00dcberlastungen zu vermeiden und einen effizienten Betrieb zu gew\u00e4hrleisten.<\/p>\n<h2>Was sind die Vorteile der Installation neuer Steckdosen?<\/h2>\n<p>A <strong>Steckdoseneinbau<\/strong> Ein gut durchdachtes System verhindert \u00dcberlastungen, verringert das Risiko von Kurzschl\u00fcssen und verbessert die Organisation der Kabel, indem es \u00fcberfl\u00fcssige Verl\u00e4ngerungen und Adapter vermeidet.<\/p>\n<p>Es erleichtert auch die Nutzung elektrischer Ger\u00e4te, ohne dass man auf improvisierte L\u00f6sungen angewiesen ist.<\/p>\n<h2>Wie viel kostet die Installation einer Steckdose?<\/h2>\n<p>Der Preis variiert je nach der Komplexit\u00e4t der Dienstleistung und der Notwendigkeit von Anpassungen an der bestehenden Elektroinstallation. Wir garantieren jedoch ein transparentes und faires Angebot.<\/p>\n<p>Nehmen Sie Kontakt auf f\u00fcr ein unverbindliches Angebot.<\/p>\n<h2>M\u00fcssen Sie Steckdosen installieren? Sprechen Sie mit uns!<\/h2>\n<p>Wenn Sie eine <strong>Steckdoseneinbau<\/strong>z\u00f6gern Sie es nicht hinaus. Sorgen Sie mit einem professionellen Service f\u00fcr Sicherheit, Praktikabilit\u00e4t und Effizienz.<\/p>","protected":false},"excerpt":{"rendered":"<p>Precisa de uma instala\u00e7\u00e3o de tomada? Tomadas insuficientes ou mal posicionadas podem ser um grande inc\u00f4modo e at\u00e9 um risco para a seguran\u00e7a el\u00e9trica da sua casa ou empresa. Quando \u00e9 necess\u00e1ria uma instala\u00e7\u00e3o de tomada? Se usa extens\u00f5es e adaptadores em excesso, \u00e9 um sinal de que precisa de mais pontos de energia. Sistemas [&hellip;]<\/p>\n","protected":false},"author":1,"featured_media":0,"parent":0,"menu_order":0,"comment_status":"closed","ping_status":"closed","template":"","meta":{"iawp_total_views":32,"footnotes":""},"class_list":["post-2892","page","type-page","status-publish","hentry"],"yoast_head":"<!-- This site is optimized with the Yoast SEO plugin v27.3 - https:\/\/yoast.com\/product\/yoast-seo-wordpress\/ -->\n<title>Instala\u00e7\u00e3o de Tomada - Servi\u00e7o Seguro e Profissional<\/title>\n<meta name=\"description\" content=\"Precisa de instala\u00e7\u00e3o de tomada? Garantimos um servi\u00e7o r\u00e1pido, seguro e profissional para refor\u00e7ar a rede el\u00e9trica da sua casa ou empresa.\" \/>\n<meta name=\"robots\" content=\"index, follow, max-snippet:-1, max-image-preview:large, max-video-preview:-1\" \/>\n<link rel=\"canonical\" href=\"https:\/\/eletricistadelisboa.pt\/de\/steckdoseneinbau\/\" \/>\n<meta property=\"og:locale\" content=\"de_DE\" \/>\n<meta property=\"og:type\" content=\"article\" \/>\n<meta property=\"og:title\" content=\"Instala\u00e7\u00e3o de Tomada - Servi\u00e7o Seguro e Profissional\" \/>\n<meta property=\"og:description\" content=\"Precisa de instala\u00e7\u00e3o de tomada? Garantimos um servi\u00e7o r\u00e1pido, seguro e profissional para refor\u00e7ar a rede el\u00e9trica da sua casa ou empresa.\" \/>\n<meta property=\"og:url\" content=\"https:\/\/eletricistadelisboa.pt\/de\/steckdoseneinbau\/\" \/>\n<meta property=\"og:site_name\" content=\"Eletricista de Lisboa\" \/>\n<meta name=\"twitter:card\" content=\"summary_large_image\" \/>\n<script type=\"application\/ld+json\" class=\"yoast-schema-graph\">{\"@context\":\"https:\\\/\\\/schema.org\",\"@graph\":[{\"@type\":\"WebPage\",\"@id\":\"https:\\\/\\\/eletricistadelisboa.pt\\\/instalacao-de-tomada\\\/\",\"url\":\"https:\\\/\\\/eletricistadelisboa.pt\\\/instalacao-de-tomada\\\/\",\"name\":\"Instala\u00e7\u00e3o de Tomada - Servi\u00e7o Seguro e Profissional\",\"isPartOf\":{\"@id\":\"https:\\\/\\\/eletricistadelisboa.pt\\\/#website\"},\"datePublished\":\"2025-01-29T09:40:19+00:00\",\"description\":\"Precisa de instala\u00e7\u00e3o de tomada? Garantimos um servi\u00e7o r\u00e1pido, seguro e profissional para refor\u00e7ar a rede el\u00e9trica da sua casa ou empresa.\",\"breadcrumb\":{\"@id\":\"https:\\\/\\\/eletricistadelisboa.pt\\\/instalacao-de-tomada\\\/#breadcrumb\"},\"inLanguage\":\"de\",\"potentialAction\":[{\"@type\":\"ReadAction\",\"target\":[\"https:\\\/\\\/eletricistadelisboa.pt\\\/instalacao-de-tomada\\\/\"]}]},{\"@type\":\"BreadcrumbList\",\"@id\":\"https:\\\/\\\/eletricistadelisboa.pt\\\/instalacao-de-tomada\\\/#breadcrumb\",\"itemListElement\":[{\"@type\":\"ListItem\",\"position\":1,\"name\":\"In\u00edcio\",\"item\":\"https:\\\/\\\/eletricistadelisboa.pt\\\/\"},{\"@type\":\"ListItem\",\"position\":2,\"name\":\"Instala\u00e7\u00e3o de Tomada &#8211; Servi\u00e7o Seguro e Profissional\"}]},{\"@type\":\"WebSite\",\"@id\":\"https:\\\/\\\/eletricistadelisboa.pt\\\/#website\",\"url\":\"https:\\\/\\\/eletricistadelisboa.pt\\\/\",\"name\":\"Eletricista de Lisboa\",\"description\":\"Servi\u00e7os el\u00e9tricos r\u00e1pidos e de alta qualidade em Lisboa, dispon\u00edveis 24 horas por dia.\",\"potentialAction\":[{\"@type\":\"SearchAction\",\"target\":{\"@type\":\"EntryPoint\",\"urlTemplate\":\"https:\\\/\\\/eletricistadelisboa.pt\\\/?s={search_term_string}\"},\"query-input\":{\"@type\":\"PropertyValueSpecification\",\"valueRequired\":true,\"valueName\":\"search_term_string\"}}],\"inLanguage\":\"de\"}]}<\/script>\n<!-- \/ Yoast SEO plugin. -->","yoast_head_json":{"title":"Steckdoseninstallation - Sicherer und professioneller Service","description":"Sie brauchen eine Steckdose? Wir garantieren einen schnellen, sicheren und professionellen Service zur Verst\u00e4rkung des elektrischen Netzes in Ihrem Haus oder Unternehmen.","robots":{"index":"index","follow":"follow","max-snippet":"max-snippet:-1","max-image-preview":"max-image-preview:large","max-video-preview":"max-video-preview:-1"},"canonical":"https:\/\/eletricistadelisboa.pt\/de\/steckdoseneinbau\/","og_locale":"de_DE","og_type":"article","og_title":"Instala\u00e7\u00e3o de Tomada - Servi\u00e7o Seguro e Profissional","og_description":"Precisa de instala\u00e7\u00e3o de tomada? Garantimos um servi\u00e7o r\u00e1pido, seguro e profissional para refor\u00e7ar a rede el\u00e9trica da sua casa ou empresa.","og_url":"https:\/\/eletricistadelisboa.pt\/de\/steckdoseneinbau\/","og_site_name":"Eletricista de Lisboa","twitter_card":"summary_large_image","schema":{"@context":"https:\/\/schema.org","@graph":[{"@type":"WebPage","@id":"https:\/\/eletricistadelisboa.pt\/instalacao-de-tomada\/","url":"https:\/\/eletricistadelisboa.pt\/instalacao-de-tomada\/","name":"Steckdoseninstallation - Sicherer und professioneller Service","isPartOf":{"@id":"https:\/\/eletricistadelisboa.pt\/#website"},"datePublished":"2025-01-29T09:40:19+00:00","description":"Sie brauchen eine Steckdose? Wir garantieren einen schnellen, sicheren und professionellen Service zur Verst\u00e4rkung des elektrischen Netzes in Ihrem Haus oder Unternehmen.","breadcrumb":{"@id":"https:\/\/eletricistadelisboa.pt\/instalacao-de-tomada\/#breadcrumb"},"inLanguage":"de","potentialAction":[{"@type":"ReadAction","target":["https:\/\/eletricistadelisboa.pt\/instalacao-de-tomada\/"]}]},{"@type":"BreadcrumbList","@id":"https:\/\/eletricistadelisboa.pt\/instalacao-de-tomada\/#breadcrumb","itemListElement":[{"@type":"ListItem","position":1,"name":"In\u00edcio","item":"https:\/\/eletricistadelisboa.pt\/"},{"@type":"ListItem","position":2,"name":"Instala\u00e7\u00e3o de Tomada &#8211; Servi\u00e7o Seguro e Profissional"}]},{"@type":"WebSite","@id":"https:\/\/eletricistadelisboa.pt\/#website","url":"https:\/\/eletricistadelisboa.pt\/","name":"Eletricista de Lisboa","description":"Schnelle, qualitativ hochwertige Elektrodienstleistungen in Lissabon, 24 Stunden am Tag verf\u00fcgbar.","potentialAction":[{"@type":"SearchAction","target":{"@type":"EntryPoint","urlTemplate":"https:\/\/eletricistadelisboa.pt\/?s={search_term_string}"},"query-input":{"@type":"PropertyValueSpecification","valueRequired":true,"valueName":"search_term_string"}}],"inLanguage":"de"}]}},"_links":{"self":[{"href":"https:\/\/eletricistadelisboa.pt\/de\/wp-json\/wp\/v2\/pages\/2892","targetHints":{"allow":["GET"]}}],"collection":[{"href":"https:\/\/eletricistadelisboa.pt\/de\/wp-json\/wp\/v2\/pages"}],"about":[{"href":"https:\/\/eletricistadelisboa.pt\/de\/wp-json\/wp\/v2\/types\/page"}],"author":[{"embeddable":true,"href":"https:\/\/eletricistadelisboa.pt\/de\/wp-json\/wp\/v2\/users\/1"}],"replies":[{"embeddable":true,"href":"https:\/\/eletricistadelisboa.pt\/de\/wp-json\/wp\/v2\/comments?post=2892"}],"version-history":[{"count":1,"href":"https:\/\/eletricistadelisboa.pt\/de\/wp-json\/wp\/v2\/pages\/2892\/revisions"}],"predecessor-version":[{"id":2893,"href":"https:\/\/eletricistadelisboa.pt\/de\/wp-json\/wp\/v2\/pages\/2892\/revisions\/2893"}],"wp:attachment":[{"href":"https:\/\/eletricistadelisboa.pt\/de\/wp-json\/wp\/v2\/media?parent=2892"}],"curies":[{"name":"wp","href":"https:\/\/api.w.org\/{rel}","templated":true}]}}